{"id":8,"date":"2017-07-11T12:06:57","date_gmt":"2017-07-11T12:06:57","guid":{"rendered":"http:\/\/blaszlo.hu\/?page_id=8"},"modified":"2025-07-17T11:43:03","modified_gmt":"2025-07-17T11:43:03","slug":"fooldal","status":"publish","type":"page","link":"https:\/\/blaszlo.hu\/","title":{"rendered":"Bir\u00f3 L\u00e1szl\u00f3"},"content":{"rendered":"<h2>Bir\u00f3 L\u00e1szl\u00f3 vagyok, v\u00e1llalkoz\u00f3, c\u00e9gvezet\u0151 \u00e9s blogger.<\/h2>\n<p><strong>Tapasztalataimat nagyv\u00e1llalati \u00e9s multinacion\u00e1lis k\u00f6rnyezetben szereztem.<\/strong> Sz\u00e1mos ter\u00fcleten kipr\u00f3b\u00e1ltam magam. Dolgoztam informatikai projekt menedzserk\u00e9nt a <strong>K&amp;H Bankban<\/strong> illetve <strong>Citibankban<\/strong>. Tev\u00e9kenykedtem a <strong>Tesco k\u00f6zpontj\u00e1ban valamint a Szerencsej\u00e1t\u00e9k Rt.-\u00e9n\u00e9l \u00fczleti \u00e9s informatikai ter\u00fcleten <\/strong>egyar\u00e1nt.<\/p>\n<p><img loading=\"lazy\" decoding=\"async\" class=\"aligncenter wp-image-18\" src=\"http:\/\/blaszlo.hu\/wp-content\/uploads\/2017\/07\/biro-laszlo.jpg\" alt=\"Bir\u00f3 L\u00e1szl\u00f3\" width=\"450\" height=\"299\" srcset=\"https:\/\/blaszlo.hu\/wp-content\/uploads\/2017\/07\/biro-laszlo.jpg 800w, https:\/\/blaszlo.hu\/wp-content\/uploads\/2017\/07\/biro-laszlo-600x399.jpg 600w, https:\/\/blaszlo.hu\/wp-content\/uploads\/2017\/07\/biro-laszlo-300x200.jpg 300w, https:\/\/blaszlo.hu\/wp-content\/uploads\/2017\/07\/biro-laszlo-768x511.jpg 768w\" sizes=\"auto, (max-width: 450px) 100vw, 450px\" \/><\/p>\n<p>Akt\u00edvan \u00e9rdekl\u0151d\u00f6m az informatika ir\u00e1nt. Ut\u00f3bbiban egyik kedvenc ter\u00fcletem az adatb\u00e1zis programoz\u00e1s, illetve az adatt\u00e1rh\u00e1zak ter\u00fclete.<\/p>\n<p><img loading=\"lazy\" decoding=\"async\" class=\"size-full wp-image-19 aligncenter\" src=\"http:\/\/blaszlo.hu\/wp-content\/uploads\/2017\/07\/IT.jpg\" alt=\"Bir\u00f3 L\u00e1szl\u00f3 big data\" width=\"450\" height=\"300\" srcset=\"https:\/\/blaszlo.hu\/wp-content\/uploads\/2017\/07\/IT.jpg 450w, https:\/\/blaszlo.hu\/wp-content\/uploads\/2017\/07\/IT-300x200.jpg 300w\" sizes=\"auto, (max-width: 450px) 100vw, 450px\" \/><\/p>\n<p>Szint\u00e9n \u00e9rdekel, \u00e9s <strong>sz\u00edvesen foglalkozom online marketinggel<\/strong>, ezen ter\u00fcleten bel\u00fcl <strong>kedvenceim a webergon\u00f3mia \u00e9s a websz\u00f6veg\u00edr\u00e1s.<\/strong><\/p>\n<p>Folyamatosan kutatom azokat a t\u00e9m\u00e1kat, amelyekr\u0151l kev\u00e9s a fellelhet\u0151 inform\u00e1ci\u00f3, azonban val\u00f3s probl\u00e9m\u00e1kat jelentenek a f\u00e9rfiak sz\u00e1m\u00e1ra.<\/p>\n<p><img loading=\"lazy\" decoding=\"async\" class=\"size-full wp-image-20 aligncenter\" src=\"http:\/\/blaszlo.hu\/wp-content\/uploads\/2017\/07\/blog.jpg\" alt=\"Bir\u00f3 L\u00e1szl\u00f3 blogjai\" width=\"450\" height=\"300\" srcset=\"https:\/\/blaszlo.hu\/wp-content\/uploads\/2017\/07\/blog.jpg 450w, https:\/\/blaszlo.hu\/wp-content\/uploads\/2017\/07\/blog-300x200.jpg 300w\" sizes=\"auto, (max-width: 450px) 100vw, 450px\" \/><\/p>\n<p><strong>A cikkeim egyedis\u00e9ge abban rejlik, hogy nem csup\u00e1n a probl\u00e9m\u00e1t, hanem a megold\u00e1st is megmutatom a blogjaimban.<\/strong> Az al\u00e1bbiak a legf\u0151bb \u00e9s leg\u00e9rdekesebb cikkeim.<\/p>\n<p>Hobbijaim az utaz\u00e1s, sport \u00e9s a kuty\u00e1m: Pl\u00fat\u00f3 \ud83d\ude42<\/p>\n<p>Egyik leg\u00fajabb blogbejegyz\u00e9sem a <a href=\"https:\/\/perfectplay.hu\/kamagra-informaciok\/\">kamagra<\/a> kapcs\u00e1n itt olvashat\u00f3. A <a href=\"https:\/\/superherb.hu\/viagra-sildenafil-tudnivalok\/\">viagra potencian\u00f6vel\u0151<\/a> hazai helyzet\u00e9t pedig ebben a cikkben gy\u0171jt\u00f6ttem \u00f6ssze.<\/p>\n","protected":false},"excerpt":{"rendered":"<p>Bir\u00f3 L\u00e1szl\u00f3 vagyok, v\u00e1llalkoz\u00f3, c\u00e9gvezet\u0151 \u00e9s blogger. Tapasztalataimat nagyv\u00e1llalati \u00e9s multinacion\u00e1lis k\u00f6rnyezetben szereztem. Sz\u00e1mos ter\u00fcleten kipr\u00f3b\u00e1ltam magam. Dolgoztam informatikai projekt menedzserk\u00e9nt a K&amp;H Bankban illetve Citibankban. Tev\u00e9kenykedtem a Tesco k\u00f6zpontj\u00e1ban valamint a Szerencsej\u00e1t\u00e9k Rt.-\u00e9n\u00e9l \u00fczleti \u00e9s informatikai ter\u00fcleten egyar\u00e1nt. Akt\u00edvan \u00e9rdekl\u0151d\u00f6m az informatika ir\u00e1nt. Ut\u00f3bbiban egyik kedvenc ter\u00fcletem az adatb\u00e1zis programoz\u00e1s, illetve az adatt\u00e1rh\u00e1zak ter\u00fclete. [&hellip;]<\/p>\n","protected":false},"author":1,"featured_media":0,"parent":0,"menu_order":0,"comment_status":"closed","ping_status":"closed","template":"","meta":{"site-sidebar-layout":"default","site-content-layout":"","ast-site-content-layout":"default","site-content-style":"default","site-sidebar-style":"default","ast-global-header-display":"","ast-banner-title-visibility":"","ast-main-header-display":"","ast-hfb-above-header-display":"","ast-hfb-below-header-display":"","ast-hfb-mobile-header-display":"","site-post-title":"","ast-breadcrumbs-content":"","ast-featured-img":"","footer-sml-layout":"","theme-transparent-header-meta":"default","adv-header-id-meta":"","stick-header-meta":"","header-above-stick-meta":"","header-main-stick-meta":"","header-below-stick-meta":"","astra-migrate-meta-layouts":"set","ast-page-background-enabled":"default","ast-page-background-meta":{"desktop":{"background-color":"","background-image":"","background-repeat":"repeat","background-position":"center center","background-size":"auto","background-attachment":"scroll","background-type":"","background-media":"","overlay-type":"","overlay-color":"","overlay-opacity":"","overlay-gradient":""},"tablet":{"background-color":"","background-image":"","background-repeat":"repeat","background-position":"center center","background-size":"auto","background-attachment":"scroll","background-type":"","background-media":"","overlay-type":"","overlay-color":"","overlay-opacity":"","overlay-gradient":""},"mobile":{"background-color":"","background-image":"","background-repeat":"repeat","background-position":"center center","background-size":"auto","background-attachment":"scroll","background-type":"","background-media":"","overlay-type":"","overlay-color":"","overlay-opacity":"","overlay-gradient":""}},"ast-content-background-meta":{"desktop":{"background-color":"var(--ast-global-color-5)","background-image":"","background-repeat":"repeat","background-position":"center center","background-size":"auto","background-attachment":"scroll","background-type":"","background-media":"","overlay-type":"","overlay-color":"","overlay-opacity":"","overlay-gradient":""},"tablet":{"background-color":"var(--ast-global-color-5)","background-image":"","background-repeat":"repeat","background-position":"center center","background-size":"auto","background-attachment":"scroll","background-type":"","background-media":"","overlay-type":"","overlay-color":"","overlay-opacity":"","overlay-gradient":""},"mobile":{"background-color":"var(--ast-global-color-5)","background-image":"","background-repeat":"repeat","background-position":"center center","background-size":"auto","background-attachment":"scroll","background-type":"","background-media":"","overlay-type":"","overlay-color":"","overlay-opacity":"","overlay-gradient":""}},"footnotes":""},"class_list":["post-8","page","type-page","status-publish","hentry"],"yoast_head":"<!-- This site is optimized with the Yoast SEO plugin v25.5 - https:\/\/yoast.com\/wordpress\/plugins\/seo\/ -->\n<title>Bir\u00f3 L\u00e1szl\u00f3 - Bir\u00f3 L\u00e1szl\u00f3<\/title>\n<meta name=\"robots\" content=\"index, follow, max-snippet:-1, max-image-preview:large, max-video-preview:-1\" \/>\n<link rel=\"canonical\" href=\"https:\/\/blaszlo.hu\/\" \/>\n<meta property=\"og:locale\" content=\"hu_HU\" \/>\n<meta property=\"og:type\" content=\"article\" \/>\n<meta property=\"og:title\" content=\"Bir\u00f3 L\u00e1szl\u00f3 - Bir\u00f3 L\u00e1szl\u00f3\" \/>\n<meta property=\"og:description\" content=\"Bir\u00f3 L\u00e1szl\u00f3 vagyok, v\u00e1llalkoz\u00f3, c\u00e9gvezet\u0151 \u00e9s blogger. Tapasztalataimat nagyv\u00e1llalati \u00e9s multinacion\u00e1lis k\u00f6rnyezetben szereztem. Sz\u00e1mos ter\u00fcleten kipr\u00f3b\u00e1ltam magam. Dolgoztam informatikai projekt menedzserk\u00e9nt a K&amp;H Bankban illetve Citibankban. Tev\u00e9kenykedtem a Tesco k\u00f6zpontj\u00e1ban valamint a Szerencsej\u00e1t\u00e9k Rt.-\u00e9n\u00e9l \u00fczleti \u00e9s informatikai ter\u00fcleten egyar\u00e1nt. Akt\u00edvan \u00e9rdekl\u0151d\u00f6m az informatika ir\u00e1nt. Ut\u00f3bbiban egyik kedvenc ter\u00fcletem az adatb\u00e1zis programoz\u00e1s, illetve az adatt\u00e1rh\u00e1zak ter\u00fclete. [&hellip;]\" \/>\n<meta property=\"og:url\" content=\"https:\/\/blaszlo.hu\/\" \/>\n<meta property=\"og:site_name\" content=\"Bir\u00f3 L\u00e1szl\u00f3\" \/>\n<meta property=\"article:modified_time\" content=\"2025-07-17T11:43:03+00:00\" \/>\n<meta property=\"og:image\" content=\"http:\/\/blaszlo.hu\/wp-content\/uploads\/2017\/07\/biro-laszlo.jpg\" \/>\n<meta name=\"twitter:card\" content=\"summary_large_image\" \/>\n<meta name=\"twitter:label1\" content=\"Becs\u00fclt olvas\u00e1si id\u0151\" \/>\n\t<meta name=\"twitter:data1\" content=\"2 perc\" \/>\n<script type=\"application\/ld+json\" class=\"yoast-schema-graph\">{\"@context\":\"https:\/\/schema.org\",\"@graph\":[{\"@type\":\"WebPage\",\"@id\":\"https:\/\/blaszlo.hu\/\",\"url\":\"https:\/\/blaszlo.hu\/\",\"name\":\"Bir\u00f3 L\u00e1szl\u00f3 - Bir\u00f3 L\u00e1szl\u00f3\",\"isPartOf\":{\"@id\":\"https:\/\/blaszlo.hu\/#website\"},\"primaryImageOfPage\":{\"@id\":\"https:\/\/blaszlo.hu\/#primaryimage\"},\"image\":{\"@id\":\"https:\/\/blaszlo.hu\/#primaryimage\"},\"thumbnailUrl\":\"http:\/\/blaszlo.hu\/wp-content\/uploads\/2017\/07\/biro-laszlo.jpg\",\"datePublished\":\"2017-07-11T12:06:57+00:00\",\"dateModified\":\"2025-07-17T11:43:03+00:00\",\"breadcrumb\":{\"@id\":\"https:\/\/blaszlo.hu\/#breadcrumb\"},\"inLanguage\":\"hu\",\"potentialAction\":[{\"@type\":\"ReadAction\",\"target\":[\"https:\/\/blaszlo.hu\/\"]}]},{\"@type\":\"ImageObject\",\"inLanguage\":\"hu\",\"@id\":\"https:\/\/blaszlo.hu\/#primaryimage\",\"url\":\"https:\/\/blaszlo.hu\/wp-content\/uploads\/2017\/07\/biro-laszlo.jpg\",\"contentUrl\":\"https:\/\/blaszlo.hu\/wp-content\/uploads\/2017\/07\/biro-laszlo.jpg\",\"width\":800,\"height\":532,\"caption\":\"Bir\u00f3 L\u00e1szl\u00f3\"},{\"@type\":\"BreadcrumbList\",\"@id\":\"https:\/\/blaszlo.hu\/#breadcrumb\",\"itemListElement\":[{\"@type\":\"ListItem\",\"position\":1,\"name\":\"Home\",\"item\":\"https:\/\/blaszlo.hu\/\"},{\"@type\":\"ListItem\",\"position\":2,\"name\":\"Bir\u00f3 L\u00e1szl\u00f3\"}]},{\"@type\":\"WebSite\",\"@id\":\"https:\/\/blaszlo.hu\/#website\",\"url\":\"https:\/\/blaszlo.hu\/\",\"name\":\"Bir\u00f3 L\u00e1szl\u00f3\",\"description\":\"Bir\u00f3 L\u00e1szl\u00f3 weboldala\",\"potentialAction\":[{\"@type\":\"SearchAction\",\"target\":{\"@type\":\"EntryPoint\",\"urlTemplate\":\"https:\/\/blaszlo.hu\/?s={search_term_string}\"},\"query-input\":{\"@type\":\"PropertyValueSpecification\",\"valueRequired\":true,\"valueName\":\"search_term_string\"}}],\"inLanguage\":\"hu\"}]}<\/script>\n<!-- \/ Yoast SEO plugin. -->","yoast_head_json":{"title":"Bir\u00f3 L\u00e1szl\u00f3 - Bir\u00f3 L\u00e1szl\u00f3","robots":{"index":"index","follow":"follow","max-snippet":"max-snippet:-1","max-image-preview":"max-image-preview:large","max-video-preview":"max-video-preview:-1"},"canonical":"https:\/\/blaszlo.hu\/","og_locale":"hu_HU","og_type":"article","og_title":"Bir\u00f3 L\u00e1szl\u00f3 - Bir\u00f3 L\u00e1szl\u00f3","og_description":"Bir\u00f3 L\u00e1szl\u00f3 vagyok, v\u00e1llalkoz\u00f3, c\u00e9gvezet\u0151 \u00e9s blogger. Tapasztalataimat nagyv\u00e1llalati \u00e9s multinacion\u00e1lis k\u00f6rnyezetben szereztem. Sz\u00e1mos ter\u00fcleten kipr\u00f3b\u00e1ltam magam. Dolgoztam informatikai projekt menedzserk\u00e9nt a K&amp;H Bankban illetve Citibankban. Tev\u00e9kenykedtem a Tesco k\u00f6zpontj\u00e1ban valamint a Szerencsej\u00e1t\u00e9k Rt.-\u00e9n\u00e9l \u00fczleti \u00e9s informatikai ter\u00fcleten egyar\u00e1nt. Akt\u00edvan \u00e9rdekl\u0151d\u00f6m az informatika ir\u00e1nt. Ut\u00f3bbiban egyik kedvenc ter\u00fcletem az adatb\u00e1zis programoz\u00e1s, illetve az adatt\u00e1rh\u00e1zak ter\u00fclete. [&hellip;]","og_url":"https:\/\/blaszlo.hu\/","og_site_name":"Bir\u00f3 L\u00e1szl\u00f3","article_modified_time":"2025-07-17T11:43:03+00:00","og_image":[{"url":"http:\/\/blaszlo.hu\/wp-content\/uploads\/2017\/07\/biro-laszlo.jpg","type":"","width":"","height":""}],"twitter_card":"summary_large_image","twitter_misc":{"Becs\u00fclt olvas\u00e1si id\u0151":"2 perc"},"schema":{"@context":"https:\/\/schema.org","@graph":[{"@type":"WebPage","@id":"https:\/\/blaszlo.hu\/","url":"https:\/\/blaszlo.hu\/","name":"Bir\u00f3 L\u00e1szl\u00f3 - Bir\u00f3 L\u00e1szl\u00f3","isPartOf":{"@id":"https:\/\/blaszlo.hu\/#website"},"primaryImageOfPage":{"@id":"https:\/\/blaszlo.hu\/#primaryimage"},"image":{"@id":"https:\/\/blaszlo.hu\/#primaryimage"},"thumbnailUrl":"http:\/\/blaszlo.hu\/wp-content\/uploads\/2017\/07\/biro-laszlo.jpg","datePublished":"2017-07-11T12:06:57+00:00","dateModified":"2025-07-17T11:43:03+00:00","breadcrumb":{"@id":"https:\/\/blaszlo.hu\/#breadcrumb"},"inLanguage":"hu","potentialAction":[{"@type":"ReadAction","target":["https:\/\/blaszlo.hu\/"]}]},{"@type":"ImageObject","inLanguage":"hu","@id":"https:\/\/blaszlo.hu\/#primaryimage","url":"https:\/\/blaszlo.hu\/wp-content\/uploads\/2017\/07\/biro-laszlo.jpg","contentUrl":"https:\/\/blaszlo.hu\/wp-content\/uploads\/2017\/07\/biro-laszlo.jpg","width":800,"height":532,"caption":"Bir\u00f3 L\u00e1szl\u00f3"},{"@type":"BreadcrumbList","@id":"https:\/\/blaszlo.hu\/#breadcrumb","itemListElement":[{"@type":"ListItem","position":1,"name":"Home","item":"https:\/\/blaszlo.hu\/"},{"@type":"ListItem","position":2,"name":"Bir\u00f3 L\u00e1szl\u00f3"}]},{"@type":"WebSite","@id":"https:\/\/blaszlo.hu\/#website","url":"https:\/\/blaszlo.hu\/","name":"Bir\u00f3 L\u00e1szl\u00f3","description":"Bir\u00f3 L\u00e1szl\u00f3 weboldala","potentialAction":[{"@type":"SearchAction","target":{"@type":"EntryPoint","urlTemplate":"https:\/\/blaszlo.hu\/?s={search_term_string}"},"query-input":{"@type":"PropertyValueSpecification","valueRequired":true,"valueName":"search_term_string"}}],"inLanguage":"hu"}]}},"_links":{"self":[{"href":"https:\/\/blaszlo.hu\/index.php?rest_route=\/wp\/v2\/pages\/8","targetHints":{"allow":["GET"]}}],"collection":[{"href":"https:\/\/blaszlo.hu\/index.php?rest_route=\/wp\/v2\/pages"}],"about":[{"href":"https:\/\/blaszlo.hu\/index.php?rest_route=\/wp\/v2\/types\/page"}],"author":[{"embeddable":true,"href":"https:\/\/blaszlo.hu\/index.php?rest_route=\/wp\/v2\/users\/1"}],"replies":[{"embeddable":true,"href":"https:\/\/blaszlo.hu\/index.php?rest_route=%2Fwp%2Fv2%2Fcomments&post=8"}],"version-history":[{"count":12,"href":"https:\/\/blaszlo.hu\/index.php?rest_route=\/wp\/v2\/pages\/8\/revisions"}],"predecessor-version":[{"id":259,"href":"https:\/\/blaszlo.hu\/index.php?rest_route=\/wp\/v2\/pages\/8\/revisions\/259"}],"wp:attachment":[{"href":"https:\/\/blaszlo.hu\/index.php?rest_route=%2Fwp%2Fv2%2Fmedia&parent=8"}],"curies":[{"name":"wp","href":"https:\/\/api.w.org\/{rel}","templated":true}]}}