{"id":30,"date":"2018-05-16T13:48:18","date_gmt":"2018-05-16T13:48:18","guid":{"rendered":"http:\/\/blaszlo.hu\/?page_id=30"},"modified":"2018-05-16T13:51:15","modified_gmt":"2018-05-16T13:51:15","slug":"impresszum","status":"publish","type":"page","link":"https:\/\/blaszlo.hu\/?page_id=30","title":{"rendered":"Impresszum"},"content":{"rendered":"<p><strong>1. AZ \u00dcZEMELTET\u0150 ADATAI<br \/>\n<\/strong>Az \u00fczemeltet\u0151 neve: Perfect Play Korl\u00e1tolt Felel\u0151ss\u00e9g\u0171 t\u00e1rsas\u00e1g<br \/>\nAz \u00fczemeltet\u0151 r\u00f6vid\u00edtett neve:\u00a0Perfect Play Kft.<br \/>\nAz \u00fczemeltet\u0151 sz\u00e9khelye: 2100 G\u00f6d\u00f6ll\u0151, Domboldal utca 4.<br \/>\nAz \u00fczemeltet\u0151 postac\u00edme: 2100 G\u00f6d\u00f6ll\u0151, Domboldal utca 4.<br \/>\nAz \u00fczemeltet\u0151 c\u00e9gb\u00edr\u00f3s\u00e1gi bejegyz\u00e9si sz\u00e1ma: 13-09-157157<br \/>\nAz \u00fczemeltet\u0151 ad\u00f3sz\u00e1ma: 23957037-2-13<br \/>\nAz \u00fczemeltet\u0151 EU ad\u00f3sz\u00e1ma: HU23957037<br \/>\nAz \u00fczemeltet\u0151 kamarai nyilv\u00e1ntart\u00e1si sz\u00e1ma: PE23957037 (Magyar Kereskedelmi \u00e9s Iparkamara)<\/p>\n<p>Az \u00fczemeltet\u0151 banksz\u00e1mlasz\u00e1ma: Budapest Bank 10102244-39247100-01003006<br \/>\nIBAN sz\u00e1m: HU37-10102244-39247100-01003006 (nemzetk\u00f6zi banksz\u00e1mlasz\u00e1m)<br \/>\nBIC (SWIFT): BUDAHUHB<\/p>\n<p><strong>2. AZ \u00dcZEMELTET\u0150 EL\u00c9RHET\u0150S\u00c9GE<br \/>\n<\/strong>\u00dcgyf\u00e9lszolg\u00e1lat: Munkaid\u0151: H \u2013 CS: 8:00 \u2013 17:00, P: 9:00 \u2013 15:00<br \/>\nTelefon: +36-30-779-17-97<br \/>\nE-mail: info kukac perfectplay.hu<\/p>\n<p><strong>3. AZ \u00dcZEMELTET\u0150 WEBOLDAL\u00c1NAK T\u00c1RHELYSZOLG\u00c1LTAT\u00d3JA<br \/>\n<\/strong>A weboldal t\u00e1rhelyszolg\u00e1ltat\u00f3ja a T\u00e1rhely.EU. Kft. (sz\u00e9khely: 1144 Budapest, Orm\u00e1ns\u00e1g u. 4.) telefon: +(36) (1) 789 2789 e-mail: iroda kukac tarhely.eu).<\/p>\n<p><a href=\"http:\/\/blaszlo.hu\/\">Vissza a f\u0151oldalra<\/a><\/p>\n","protected":false},"excerpt":{"rendered":"<p>1. AZ \u00dcZEMELTET\u0150 ADATAI Az \u00fczemeltet\u0151 neve: Perfect Play Korl\u00e1tolt Felel\u0151ss\u00e9g\u0171 t\u00e1rsas\u00e1g Az \u00fczemeltet\u0151 r\u00f6vid\u00edtett neve:\u00a0Perfect Play Kft. Az \u00fczemeltet\u0151 sz\u00e9khelye: 2100 G\u00f6d\u00f6ll\u0151, Domboldal utca 4. Az \u00fczemeltet\u0151 postac\u00edme: 2100 G\u00f6d\u00f6ll\u0151, Domboldal utca 4. Az \u00fczemeltet\u0151 c\u00e9gb\u00edr\u00f3s\u00e1gi bejegyz\u00e9si sz\u00e1ma: 13-09-157157 Az \u00fczemeltet\u0151 ad\u00f3sz\u00e1ma: 23957037-2-13 Az \u00fczemeltet\u0151 EU ad\u00f3sz\u00e1ma: HU23957037 Az \u00fczemeltet\u0151 kamarai nyilv\u00e1ntart\u00e1si sz\u00e1ma: PE23957037 [&hellip;]<\/p>\n","protected":false},"author":1,"featured_media":0,"parent":0,"menu_order":0,"comment_status":"closed","ping_status":"closed","template":"","meta":{"site-sidebar-layout":"default","site-content-layout":"","ast-site-content-layout":"default","site-content-style":"default","site-sidebar-style":"default","ast-global-header-display":"","ast-banner-title-visibility":"","ast-main-header-display":"","ast-hfb-above-header-display":"","ast-hfb-below-header-display":"","ast-hfb-mobile-header-display":"","site-post-title":"","ast-breadcrumbs-content":"","ast-featured-img":"","footer-sml-layout":"","theme-transparent-header-meta":"","adv-header-id-meta":"","stick-header-meta":"","header-above-stick-meta":"","header-main-stick-meta":"","header-below-stick-meta":"","astra-migrate-meta-layouts":"default","ast-page-background-enabled":"default","ast-page-background-meta":{"desktop":{"background-color":"","background-image":"","background-repeat":"repeat","background-position":"center center","background-size":"auto","background-attachment":"scroll","background-type":"","background-media":"","overlay-type":"","overlay-color":"","overlay-opacity":"","overlay-gradient":""},"tablet":{"background-color":"","background-image":"","background-repeat":"repeat","background-position":"center center","background-size":"auto","background-attachment":"scroll","background-type":"","background-media":"","overlay-type":"","overlay-color":"","overlay-opacity":"","overlay-gradient":""},"mobile":{"background-color":"","background-image":"","background-repeat":"repeat","background-position":"center center","background-size":"auto","background-attachment":"scroll","background-type":"","background-media":"","overlay-type":"","overlay-color":"","overlay-opacity":"","overlay-gradient":""}},"ast-content-background-meta":{"desktop":{"background-color":"var(--ast-global-color-5)","background-image":"","background-repeat":"repeat","background-position":"center center","background-size":"auto","background-attachment":"scroll","background-type":"","background-media":"","overlay-type":"","overlay-color":"","overlay-opacity":"","overlay-gradient":""},"tablet":{"background-color":"var(--ast-global-color-5)","background-image":"","background-repeat":"repeat","background-position":"center center","background-size":"auto","background-attachment":"scroll","background-type":"","background-media":"","overlay-type":"","overlay-color":"","overlay-opacity":"","overlay-gradient":""},"mobile":{"background-color":"var(--ast-global-color-5)","background-image":"","background-repeat":"repeat","background-position":"center center","background-size":"auto","background-attachment":"scroll","background-type":"","background-media":"","overlay-type":"","overlay-color":"","overlay-opacity":"","overlay-gradient":""}},"footnotes":""},"class_list":["post-30","page","type-page","status-publish","hentry"],"yoast_head":"<!-- This site is optimized with the Yoast SEO plugin v25.5 - https:\/\/yoast.com\/wordpress\/plugins\/seo\/ -->\n<title>Impresszum - Bir\u00f3 L\u00e1szl\u00f3<\/title>\n<meta name=\"robots\" content=\"index, follow, max-snippet:-1, max-image-preview:large, max-video-preview:-1\" \/>\n<link rel=\"canonical\" href=\"https:\/\/blaszlo.hu\/?page_id=30\" \/>\n<meta property=\"og:locale\" content=\"hu_HU\" \/>\n<meta property=\"og:type\" content=\"article\" \/>\n<meta property=\"og:title\" content=\"Impresszum - Bir\u00f3 L\u00e1szl\u00f3\" \/>\n<meta property=\"og:description\" content=\"1. AZ \u00dcZEMELTET\u0150 ADATAI Az \u00fczemeltet\u0151 neve: Perfect Play Korl\u00e1tolt Felel\u0151ss\u00e9g\u0171 t\u00e1rsas\u00e1g Az \u00fczemeltet\u0151 r\u00f6vid\u00edtett neve:\u00a0Perfect Play Kft. Az \u00fczemeltet\u0151 sz\u00e9khelye: 2100 G\u00f6d\u00f6ll\u0151, Domboldal utca 4. Az \u00fczemeltet\u0151 postac\u00edme: 2100 G\u00f6d\u00f6ll\u0151, Domboldal utca 4. Az \u00fczemeltet\u0151 c\u00e9gb\u00edr\u00f3s\u00e1gi bejegyz\u00e9si sz\u00e1ma: 13-09-157157 Az \u00fczemeltet\u0151 ad\u00f3sz\u00e1ma: 23957037-2-13 Az \u00fczemeltet\u0151 EU ad\u00f3sz\u00e1ma: HU23957037 Az \u00fczemeltet\u0151 kamarai nyilv\u00e1ntart\u00e1si sz\u00e1ma: PE23957037 [&hellip;]\" \/>\n<meta property=\"og:url\" content=\"https:\/\/blaszlo.hu\/?page_id=30\" \/>\n<meta property=\"og:site_name\" content=\"Bir\u00f3 L\u00e1szl\u00f3\" \/>\n<meta property=\"article:modified_time\" content=\"2018-05-16T13:51:15+00:00\" \/>\n<meta name=\"twitter:card\" content=\"summary_large_image\" \/>\n<meta name=\"twitter:label1\" content=\"Becs\u00fclt olvas\u00e1si id\u0151\" \/>\n\t<meta name=\"twitter:data1\" content=\"1 perc\" \/>\n<script type=\"application\/ld+json\" class=\"yoast-schema-graph\">{\"@context\":\"https:\/\/schema.org\",\"@graph\":[{\"@type\":\"WebPage\",\"@id\":\"https:\/\/blaszlo.hu\/?page_id=30\",\"url\":\"https:\/\/blaszlo.hu\/?page_id=30\",\"name\":\"Impresszum - Bir\u00f3 L\u00e1szl\u00f3\",\"isPartOf\":{\"@id\":\"https:\/\/blaszlo.hu\/#website\"},\"datePublished\":\"2018-05-16T13:48:18+00:00\",\"dateModified\":\"2018-05-16T13:51:15+00:00\",\"breadcrumb\":{\"@id\":\"https:\/\/blaszlo.hu\/?page_id=30#breadcrumb\"},\"inLanguage\":\"hu\",\"potentialAction\":[{\"@type\":\"ReadAction\",\"target\":[\"https:\/\/blaszlo.hu\/?page_id=30\"]}]},{\"@type\":\"BreadcrumbList\",\"@id\":\"https:\/\/blaszlo.hu\/?page_id=30#breadcrumb\",\"itemListElement\":[{\"@type\":\"ListItem\",\"position\":1,\"name\":\"Home\",\"item\":\"https:\/\/blaszlo.hu\/\"},{\"@type\":\"ListItem\",\"position\":2,\"name\":\"Impresszum\"}]},{\"@type\":\"WebSite\",\"@id\":\"https:\/\/blaszlo.hu\/#website\",\"url\":\"https:\/\/blaszlo.hu\/\",\"name\":\"Bir\u00f3 L\u00e1szl\u00f3\",\"description\":\"Bir\u00f3 L\u00e1szl\u00f3 weboldala\",\"potentialAction\":[{\"@type\":\"SearchAction\",\"target\":{\"@type\":\"EntryPoint\",\"urlTemplate\":\"https:\/\/blaszlo.hu\/?s={search_term_string}\"},\"query-input\":{\"@type\":\"PropertyValueSpecification\",\"valueRequired\":true,\"valueName\":\"search_term_string\"}}],\"inLanguage\":\"hu\"}]}<\/script>\n<!-- \/ Yoast SEO plugin. -->","yoast_head_json":{"title":"Impresszum - Bir\u00f3 L\u00e1szl\u00f3","robots":{"index":"index","follow":"follow","max-snippet":"max-snippet:-1","max-image-preview":"max-image-preview:large","max-video-preview":"max-video-preview:-1"},"canonical":"https:\/\/blaszlo.hu\/?page_id=30","og_locale":"hu_HU","og_type":"article","og_title":"Impresszum - Bir\u00f3 L\u00e1szl\u00f3","og_description":"1. AZ \u00dcZEMELTET\u0150 ADATAI Az \u00fczemeltet\u0151 neve: Perfect Play Korl\u00e1tolt Felel\u0151ss\u00e9g\u0171 t\u00e1rsas\u00e1g Az \u00fczemeltet\u0151 r\u00f6vid\u00edtett neve:\u00a0Perfect Play Kft. Az \u00fczemeltet\u0151 sz\u00e9khelye: 2100 G\u00f6d\u00f6ll\u0151, Domboldal utca 4. Az \u00fczemeltet\u0151 postac\u00edme: 2100 G\u00f6d\u00f6ll\u0151, Domboldal utca 4. Az \u00fczemeltet\u0151 c\u00e9gb\u00edr\u00f3s\u00e1gi bejegyz\u00e9si sz\u00e1ma: 13-09-157157 Az \u00fczemeltet\u0151 ad\u00f3sz\u00e1ma: 23957037-2-13 Az \u00fczemeltet\u0151 EU ad\u00f3sz\u00e1ma: HU23957037 Az \u00fczemeltet\u0151 kamarai nyilv\u00e1ntart\u00e1si sz\u00e1ma: PE23957037 [&hellip;]","og_url":"https:\/\/blaszlo.hu\/?page_id=30","og_site_name":"Bir\u00f3 L\u00e1szl\u00f3","article_modified_time":"2018-05-16T13:51:15+00:00","twitter_card":"summary_large_image","twitter_misc":{"Becs\u00fclt olvas\u00e1si id\u0151":"1 perc"},"schema":{"@context":"https:\/\/schema.org","@graph":[{"@type":"WebPage","@id":"https:\/\/blaszlo.hu\/?page_id=30","url":"https:\/\/blaszlo.hu\/?page_id=30","name":"Impresszum - Bir\u00f3 L\u00e1szl\u00f3","isPartOf":{"@id":"https:\/\/blaszlo.hu\/#website"},"datePublished":"2018-05-16T13:48:18+00:00","dateModified":"2018-05-16T13:51:15+00:00","breadcrumb":{"@id":"https:\/\/blaszlo.hu\/?page_id=30#breadcrumb"},"inLanguage":"hu","potentialAction":[{"@type":"ReadAction","target":["https:\/\/blaszlo.hu\/?page_id=30"]}]},{"@type":"BreadcrumbList","@id":"https:\/\/blaszlo.hu\/?page_id=30#breadcrumb","itemListElement":[{"@type":"ListItem","position":1,"name":"Home","item":"https:\/\/blaszlo.hu\/"},{"@type":"ListItem","position":2,"name":"Impresszum"}]},{"@type":"WebSite","@id":"https:\/\/blaszlo.hu\/#website","url":"https:\/\/blaszlo.hu\/","name":"Bir\u00f3 L\u00e1szl\u00f3","description":"Bir\u00f3 L\u00e1szl\u00f3 weboldala","potentialAction":[{"@type":"SearchAction","target":{"@type":"EntryPoint","urlTemplate":"https:\/\/blaszlo.hu\/?s={search_term_string}"},"query-input":{"@type":"PropertyValueSpecification","valueRequired":true,"valueName":"search_term_string"}}],"inLanguage":"hu"}]}},"_links":{"self":[{"href":"https:\/\/blaszlo.hu\/index.php?rest_route=\/wp\/v2\/pages\/30","targetHints":{"allow":["GET"]}}],"collection":[{"href":"https:\/\/blaszlo.hu\/index.php?rest_route=\/wp\/v2\/pages"}],"about":[{"href":"https:\/\/blaszlo.hu\/index.php?rest_route=\/wp\/v2\/types\/page"}],"author":[{"embeddable":true,"href":"https:\/\/blaszlo.hu\/index.php?rest_route=\/wp\/v2\/users\/1"}],"replies":[{"embeddable":true,"href":"https:\/\/blaszlo.hu\/index.php?rest_route=%2Fwp%2Fv2%2Fcomments&post=30"}],"version-history":[{"count":4,"href":"https:\/\/blaszlo.hu\/index.php?rest_route=\/wp\/v2\/pages\/30\/revisions"}],"predecessor-version":[{"id":34,"href":"https:\/\/blaszlo.hu\/index.php?rest_route=\/wp\/v2\/pages\/30\/revisions\/34"}],"wp:attachment":[{"href":"https:\/\/blaszlo.hu\/index.php?rest_route=%2Fwp%2Fv2%2Fmedia&parent=30"}],"curies":[{"name":"wp","href":"https:\/\/api.w.org\/{rel}","templated":true}]}}