{"id":26,"date":"2018-05-15T13:45:48","date_gmt":"2018-05-15T13:45:48","guid":{"rendered":"http:\/\/blaszlo.hu\/?page_id=26"},"modified":"2021-07-27T15:21:11","modified_gmt":"2021-07-27T15:21:11","slug":"adatkezelesi-tajekoztato","status":"publish","type":"page","link":"https:\/\/blaszlo.hu\/?page_id=26","title":{"rendered":"Adatkezel\u00e9si t\u00e1j\u00e9koztat\u00f3"},"content":{"rendered":"<h2>1 Az adatkezel\u00e9si t\u00e1j\u00e9koztat\u00f3 c\u00e9lja<\/h2>\n<p>Perfect Play Kft. (2100 G\u00f6d\u00f6ll\u0151, Domboldal utca 4, a tov\u00e1bbiakban: Szolg\u00e1ltat\u00f3), http:\/\/blaszlo.hu\/ weboldal (a tov\u00e1bbiakban: Honlap) m\u0171k\u00f6dtet\u00e9se sor\u00e1n a Honlapra l\u00e1togat\u00f3k (a tov\u00e1bbiakban egy\u00fcttesen \u00c9rintett) adatait kezeli.<\/p>\n<p>A Szolg\u00e1ltat\u00f3, mint adatkezel\u0151, mag\u00e1ra n\u00e9zve k\u00f6telez\u0151nek ismeri el jelen jogi k\u00f6zlem\u00e9ny tartalm\u00e1t. K\u00f6telezetts\u00e9get v\u00e1llal arra, hogy tev\u00e9kenys\u00e9g\u00e9vel kapcsolatos minden adatkezel\u00e9s megfelel a jelen szab\u00e1lyzatban \u00e9s a hat\u00e1lyos nemzeti jogszab\u00e1lyokban, valamint az Eur\u00f3pai Uni\u00f3 jogi aktusaiban meghat\u00e1rozott elv\u00e1r\u00e1soknak.<\/p>\n<p>Az adatok kezel\u00e9s\u00e9vel \u00f6sszef\u00fcgg\u00e9sben a Szolg\u00e1ltat\u00f3 ez\u00faton t\u00e1j\u00e9koztatja az \u00c9rintetteket a Honlapon \u00e1ltala kezelt szem\u00e9lyes adatokr\u00f3l, a szem\u00e9lyes adatok kezel\u00e9se k\u00f6r\u00e9ben k\u00f6vetett elveir\u0151l \u00e9s gyakorlat\u00e1r\u00f3l, valamint az \u00e9rintettek jogai gyakorl\u00e1s\u00e1nak m\u00f3dj\u00e1r\u00f3l \u00e9s lehet\u0151s\u00e9geir\u0151l.<\/p>\n<p>Az \u00c9rintett a Honlap haszn\u00e1lat\u00e1val elfogadja az Adatkezel\u00e9si T\u00e1j\u00e9koztat\u00f3ban foglaltakat, \u00e9s hozz\u00e1j\u00e1rul az al\u00e1bbiakban meghat\u00e1rozott adatkezel\u00e9sekhez.<\/p>\n<p>A Perfect Play Kft. adatkezel\u00e9seivel kapcsolatosan felmer\u00fcl\u0151 adatv\u00e9delmi ir\u00e1nyelvek folyamatosan el\u00e9rhet\u0151k a <a href=\"http:\/\/blaszlo.hu\/adatkezelesi-tajekoztato\/\">http:\/\/blaszlo.hu\/adatkezelesi-tajekoztato\/<\/a> c\u00edmen.\u00a0 A Perfect Play Kft. fenntartja mag\u00e1nak a jogot jelen t\u00e1j\u00e9koztat\u00f3 b\u00e1rmikori megv\u00e1ltoztat\u00e1s\u00e1ra. Az esetleges v\u00e1ltoz\u00e1sokr\u00f3l a megfelel\u0151 id\u0151ben \u00e9rtes\u00edti l\u00e1togat\u00f3 k\u00f6z\u00f6ns\u00e9g\u00e9t.<\/p>\n<p>Jelen k\u00f6zlem\u00e9ny\u00fcnkh\u00f6z kapcsol\u00f3d\u00f3 k\u00e9rd\u00e9sekkel k\u00e9rj\u00fck forduljon hozz\u00e1nk e-mailben az info KUKAC perfectplay.hu c\u00edmen, \u00e9s megv\u00e1laszoljuk k\u00e9rd\u00e9s\u00e9t.\u00a0 A Perfect Play Kft. elk\u00f6telezett \u00fcgyfelei illetve partnerei szem\u00e9lyes adatainak v\u00e9delm\u00e9ben, kiemelten fontosnak tartja az \u00fcgyfelek \u00e9s partnerek inform\u00e1ci\u00f3s \u00f6nrendelkez\u00e9si jog\u00e1nak tiszteletben tart\u00e1s\u00e1t. A Perfect Play Kft. a szem\u00e9lyes adatokat bizalmasan kezeli, \u00e9s megtesz minden olyan biztons\u00e1gi, technikai \u00e9s szervez\u00e9si int\u00e9zked\u00e9st, mely az adatok biztons\u00e1g\u00e1t garant\u00e1lja.<\/p>\n<p>A Perfect Play Kft. az al\u00e1bbiakban ismerteti adatkezel\u00e9si gyakorlat\u00e1t.<\/p>\n<h1>2 Az adatkezel\u0151 adatai<\/h1>\n<p>Amennyiben megkeresn\u00e9 T\u00e1rsas\u00e1gunkat, info KUKAC perfectplay.hu e-mail c\u00edmen, valamint a 2100 G\u00f6d\u00f6ll\u0151, Domboldal utca 4. sz\u00e1m alatti levelez\u00e9si c\u00edmen l\u00e9phet kapcsolatba vel\u00fcnk, azaz az adatkezel\u0151vel.\u00a0 A Perfect Play Kft. minden hozz\u00e1 be\u00e9rkezett e-mailt, a szem\u00e9lyes adatokkal egy\u00fctt az adatk\u00f6zl\u00e9st\u0151l sz\u00e1m\u00edtott legfeljebb 1 \u00e9v eltelt\u00e9vel t\u00f6r\u00f6l.<\/p>\n<p>C\u00e9gn\u00e9v: Perfect Play Kft.<br \/>\nSz\u00e9khely: 2100 G\u00f6d\u00f6ll\u0151, Domboldal utca 4.<br \/>\nC\u00e9gjegyz\u00e9ksz\u00e1m: 13-09-157157<br \/>\nA bejegyz\u0151 b\u00edr\u00f3s\u00e1g megnevez\u00e9se: Budapest k\u00f6rny\u00e9ki t\u00f6rv\u00e9nysz\u00e9k c\u00e9gb\u00edr\u00f3s\u00e1ga<br \/>\nAd\u00f3sz\u00e1m: 23957037-2-13<br \/>\nTelefonsz\u00e1m: +36-30-779-17-97<br \/>\nE-mail: info KUKAC perfectplay.hu<\/p>\n<p>Adatv\u00e9delmi nyilv\u00e1ntart\u00e1si sz\u00e1m: nincs, mivel a blaszlo.hu oldalon nem gy\u0171jt szem\u00e9lyes adatokat, \u00edgy nem t\u00f6rt\u00e9nik adatkezel\u00e9s<\/p>\n<h2>3\u00a0 A kezelt adatok k\u00f6re<\/h2>\n<h3>3.1 Cookie-k (S\u00fctik)<\/h3>\n<p><strong>A s\u00fctik feladata <\/strong><\/p>\n<ul>\n<li>inform\u00e1ci\u00f3kat gy\u0171jtenek a l\u00e1togat\u00f3kr\u00f3l \u00e9s eszk\u00f6zeikr\u0151l;<\/li>\n<li>megjegyzik a l\u00e1togat\u00f3k egy\u00e9ni be\u00e1ll\u00edt\u00e1sait, amelyek felhaszn\u00e1l\u00e1sra ker\u00fcl(het)nek pl. online tranzakci\u00f3k ig\u00e9nybev\u00e9telekor, \u00edgy nem kell \u00fajra beg\u00e9pelni \u0151ket;<\/li>\n<li>megk\u00f6nny\u00edtik a weboldal haszn\u00e1lat\u00e1t;<\/li>\n<li>min\u0151s\u00e9gi felhaszn\u00e1l\u00f3i \u00e9lm\u00e9nyt biztos\u00edtanak.<\/li>\n<\/ul>\n<p>A testre szabott kiszolg\u00e1l\u00e1s \u00e9rdek\u00e9ben a felhaszn\u00e1l\u00f3 sz\u00e1m\u00edt\u00f3g\u00e9p\u00e9n kis adatcsomagot, \u00fan. s\u00fctit (cookie) helyez el \u00e9s a k\u00e9s\u0151bbi l\u00e1togat\u00e1s sor\u00e1n olvas vissza. Ha a b\u00f6ng\u00e9sz\u0151 visszak\u00fcld egy kor\u00e1bban elmentett s\u00fctit, a s\u00fctit kezel\u0151 szolg\u00e1ltat\u00f3nak lehet\u0151s\u00e9ge van \u00f6sszekapcsolni a felhaszn\u00e1l\u00f3 aktu\u00e1lis l\u00e1togat\u00e1s\u00e1t a kor\u00e1bbiakkal, de kiz\u00e1r\u00f3lag a saj\u00e1t tartalma tekintet\u00e9ben.<\/p>\n<p><strong>Felt\u00e9tlen\u00fcl sz\u00fcks\u00e9ges, munkamenet (session) cookie-k<br \/>\n<\/strong>Ezen s\u00fctik c\u00e9lja, hogy a l\u00e1togat\u00f3k marad\u00e9ktalanul \u00e9s z\u00f6kken\u0151mentesen b\u00f6ng\u00e9szhess\u00e9k a blaszlo.hu weboldal\u00e1t, haszn\u00e1lhass\u00e1k annak funkci\u00f3it, \u00e9s az ott el\u00e9rhet\u0151 szolg\u00e1ltat\u00e1sokat. Az ilyen t\u00edpus\u00fa s\u00fctik \u00e9rv\u00e9nyess\u00e9gi ideje a munkamenet (b\u00f6ng\u00e9sz\u00e9s) befejez\u00e9s\u00e9ig tart, a b\u00f6ng\u00e9sz\u0151 bez\u00e1r\u00e1s\u00e1val a s\u00fctik e fajt\u00e1ja automatikusan t\u00f6rl\u0151dik a sz\u00e1m\u00edt\u00f3g\u00e9pr\u0151l, illetve a b\u00f6ng\u00e9sz\u00e9sre haszn\u00e1lt m\u00e1s eszk\u00f6zr\u0151l.<\/p>\n<p><strong>Harmadik f\u00e9l \u00e1ltal elhelyezett cookie-k (analitika)<br \/>\n<\/strong>A blaszlo.hu weboldal\u00e1n alkalmazza a Google Analytics mint harmadik f\u00e9l s\u00fctijeit is. A Google Analytics statisztikai c\u00e9l\u00fa szolg\u00e1ltat\u00e1s haszn\u00e1lat\u00e1val a blaszlo.hu weboldal inform\u00e1ci\u00f3kat gy\u0171jt azzal kapcsolatban, hogy a l\u00e1togat\u00f3k hogyan haszn\u00e1lj\u00e1k a weboldalt. Az adatot a honlap fejleszt\u00e9s\u00e9nek \u00e9s a felhaszn\u00e1l\u00f3i \u00e9lm\u00e9ny jav\u00edt\u00e1s\u00e1nak c\u00e9lj\u00e1val haszn\u00e1lja fel. Ezen s\u00fctik szint\u00e9n lej\u00e1ratukig a l\u00e1togat\u00f3 sz\u00e1m\u00edt\u00f3g\u00e9p\u00e9n vagy b\u00f6ng\u00e9sz\u00e9sre haszn\u00e1lt m\u00e1s eszk\u00f6z\u00e9n, annak b\u00f6ng\u00e9sz\u0151j\u00e9ben maradnak, illetve am\u00edg a l\u00e1togat\u00f3 nem t\u00f6rli \u0151ket. Amennyiben az \u00c9rintett nem szeretn\u00e9, hogy a Google Analytics a fenti adatokat az ismertetett m\u00f3don \u00e9s c\u00e9llal m\u00e9rje, telep\u00edtse b\u00f6ng\u00e9sz\u0151j\u00e9be az ezt blokkol\u00f3 kieg\u00e9sz\u00edt\u0151t.<\/p>\n<p>A legt\u00f6bb b\u00f6ng\u00e9sz\u0151 men\u00fcsor\u00e1ban tal\u00e1lhat\u00f3 \u201eSeg\u00edts\u00e9g\u201d funkci\u00f3, t\u00e1j\u00e9koztat\u00e1st ny\u00fajt arra vonatkoz\u00f3an, hogy az \u00c9rintett saj\u00e1t b\u00f6ng\u00e9sz\u0151j\u00e9ben:<\/p>\n<ul>\n<li>hogyan tudja letiltani a cookie-kat,<\/li>\n<li>hogyan fogadhat el \u00faj cookie-kat,<\/li>\n<li>hogyan adhat utas\u00edt\u00e1st b\u00f6ng\u00e9sz\u0151j\u00e9nek arra, hogy \u00faj cookie-t \u00e1ll\u00edtson be, vagy<\/li>\n<li>hogyan kapcsoljon ki egy\u00e9b cookie-kat.<\/li>\n<\/ul>\n<p>A fentieken t\u00fal: a blaszlo.hu weboldal\u00e1nak felkeres\u00e9sekor a l\u00e1bl\u00e9cben tal\u00e1lhat\u00f3 \u201eOk\u201d vagy \u201eNem fogadom el\u201d gombok egyik\u00e9nek kiv\u00e1laszt\u00e1s\u00e1val a l\u00e1togat\u00f3 eld\u00f6ntheti, hogy elfogadja \u2013e a Harmadik f\u00e9l \u00e1ltal elhelyezett s\u00fctiket, vagy elutas\u00edtja azokat.<\/p>\n<h3>3.2 Online \u00fcgyint\u00e9z\u00e9shez kapcsol\u00f3d\u00f3 adatok<\/h3>\n<p>A blaszlo.hu weboldalon nincs kapcsolatfelv\u00e9teli lehet\u0151s\u00e9g, ez\u00e9rt online \u00fcgyint\u00e9z\u00e9s sem t\u00f6rt\u00e9nik.<\/p>\n<h3>3.3 H\u00edrlev\u00e9lhez kapcsol\u00f3d\u00f3 adatok<\/h3>\n<p>A blaszlo.hu weboldalon az adatkezel\u0151 nem alkalmaz h\u00edrlevelet, \u00edgy nem lehets\u00e9ges a feliratkoz\u00e1s sem.<\/p>\n<h2>4 A kezelt adatok tervezett felhaszn\u00e1l\u00e1sa \u00e9s meg\u0151rz\u00e9si ideje<\/h2>\n<p>A blaszlo.hu weboldalon nem t\u00f6rt\u00e9nik szem\u00e9lyes adatkezel\u00e9s, ez\u00e9rt meg\u0151rz\u00e9si id\u0151r\u0151l sem besz\u00e9lhet\u00fcnk.<\/p>\n<h2>5 Az adatkezel\u00e9s c\u00e9lja, m\u00f3dja \u00e9s jogalapja<\/h2>\n<p>A blaszlo.hu weboldalon nem t\u00f6rt\u00e9nik\u00a0szem\u00e9lyes adatkezel\u00e9s, ez\u00e9rt adatkezel\u00e9si c\u00e9lr\u00f3l, m\u00f3dr\u00f3l \u00e9s jogalapr\u00f3l sem besz\u00e9lhet\u00fcnk.<\/p>\n<h2>6 Az adatok fizikai t\u00e1rol\u00e1si helyei<\/h2>\n<p>A blaszlo.hu weboldalon nem t\u00f6rt\u00e9nik szem\u00e9lyes adatbek\u00e9r\u00e9s, ez\u00e9rt az adatok fizikai t\u00e1rol\u00e1s\u00e1r\u00f3l sem besz\u00e9lhet\u00fcnk.<\/p>\n<h2>7 Adattov\u00e1bb\u00edt\u00e1s, adatfeldolgoz\u00e1s, az adatokat megismer\u0151k k\u00f6re<\/h2>\n<p>A blaszlo.hu weboldalon nem t\u00f6rt\u00e9nik szem\u00e9lyes adatbek\u00e9r\u00e9s, ez\u00e9rt adattov\u00e1bb\u00edt\u00e1sr\u00f3l illetve adatfeldolgoz\u00e1sr\u00f3l sem besz\u00e9lhet\u00fcnk.<\/p>\n<h2>8 \u00c9rintett jogai \u00e9s jog\u00e9rv\u00e9nyes\u00edt\u00e9si lehet\u0151s\u00e9gei<\/h2>\n<p>A blaszlo.hu weboldalon nem t\u00f6rt\u00e9nik szem\u00e9lyes adatbek\u00e9r\u00e9s, ez\u00e9rt jog\u00e9rv\u00e9nyes\u00edt\u00e9si lehet\u0151s\u00e9gekr\u0151l sem besz\u00e9lhet\u00fcnk.<\/p>\n<h3>8.1 Adatv\u00e9delmi hat\u00f3s\u00e1gi elj\u00e1r\u00e1s<\/h3>\n<p>Panasszal a Nemzeti Adatv\u00e9delmi \u00e9s Inform\u00e1ci\u00f3szabads\u00e1g Hat\u00f3s\u00e1gn\u00e1l lehet \u00e9lni:<\/p>\n<p>N\u00e9v: Nemzeti Adatv\u00e9delmi \u00e9s Inform\u00e1ci\u00f3szabads\u00e1g Hat\u00f3s\u00e1g<br \/>\nSz\u00e9khely: 1125 Budapest, Szil\u00e1gyi Erzs\u00e9bet fasor 22\/C.<br \/>\nLevelez\u00e9si c\u00edm: 1530 Budapest, Pf.: 5.<br \/>\nTelefon: 0613911400<br \/>\nFax: 0613911410<br \/>\nE-mail: ugyfelszolgalat@naih.hu<br \/>\nHonlap: http:\/\/www.naih.hu<\/p>\n<h2>9\u00a0 Egy\u00e9b rendelkez\u00e9sek<\/h2>\n<p>E t\u00e1j\u00e9koztat\u00f3ban fel nem sorolt adatkezel\u00e9sekr\u0151l az adat felv\u00e9telekor adunk t\u00e1j\u00e9koztat\u00e1st.<\/p>\n<p>T\u00e1j\u00e9koztatjuk \u00fcgyfeleinket, hogy a b\u00edr\u00f3s\u00e1g, az \u00fcgy\u00e9sz, a nyomoz\u00f3 hat\u00f3s\u00e1g, a szab\u00e1lys\u00e9rt\u00e9si hat\u00f3s\u00e1g, a k\u00f6zigazgat\u00e1si hat\u00f3s\u00e1g, a Nemzeti Adatv\u00e9delmi \u00e9s Inform\u00e1ci\u00f3szabads\u00e1g Hat\u00f3s\u00e1g, a Magyar Nemzeti Bank, illet\u0151leg jogszab\u00e1ly felhatalmaz\u00e1sa alapj\u00e1n m\u00e1s szervek t\u00e1j\u00e9koztat\u00e1s ad\u00e1sa, adatok k\u00f6zl\u00e9se, \u00e1tad\u00e1sa, illet\u0151leg iratok rendelkez\u00e9sre bocs\u00e1t\u00e1sa v\u00e9gett megkereshetik az adatkezel\u0151t.<\/p>\n<p>A Perfect Play Kft. a hat\u00f3s\u00e1gok r\u00e9sz\u00e9re \u2013 amennyiben a hat\u00f3s\u00e1g a pontos c\u00e9lt \u00e9s az adatok k\u00f6r\u00e9t megjel\u00f6lte \u2013 szem\u00e9lyes adatot csak annyit \u00e9s olyan m\u00e9rt\u00e9kben ad ki, amely a megkeres\u00e9s c\u00e9lj\u00e1nak megval\u00f3s\u00edt\u00e1s\u00e1hoz elengedhetetlen\u00fcl sz\u00fcks\u00e9ges.<\/p>\n<p>Szolg\u00e1ltat\u00f3 fenntartja a jogot, hogy jelen Adatkezel\u00e9si T\u00e1j\u00e9koztat\u00f3t az \u00c9rintettek Honlapon kereszt\u00fcl t\u00f6rt\u00e9n\u0151 el\u0151zetes \u00e9rtes\u00edt\u00e9se mellett egyoldal\u00faan m\u00f3dos\u00edtsa. A m\u00f3dos\u00edt\u00e1s hat\u00e1lyba l\u00e9p\u00e9s\u00e9t k\u00f6vet\u0151en az \u00c9rintett a Honlap haszn\u00e1lat\u00e1val r\u00e1utal\u00f3 magatart\u00e1ssal elfogadja a m\u00f3dos\u00edtott Adatkezel\u00e9si T\u00e1j\u00e9koztat\u00f3ban foglaltakat.<\/p>\n<p>Jelen Adatkezel\u00e9si T\u00e1j\u00e9koztat\u00f3 2018.05.24 napj\u00e1t\u00f3l \u00e9rv\u00e9nyes.<\/p>\n<p>G\u00f6d\u00f6ll\u0151, 2018. m\u00e1jus 24.<\/p>\n<p><a href=\"http:\/\/blaszlo.hu\/\">Vissza f\u0151oldalra<\/a><\/p>\n","protected":false},"excerpt":{"rendered":"<p>1 Az adatkezel\u00e9si t\u00e1j\u00e9koztat\u00f3 c\u00e9lja Perfect Play Kft. (2100 G\u00f6d\u00f6ll\u0151, Domboldal utca 4, a tov\u00e1bbiakban: Szolg\u00e1ltat\u00f3), http:\/\/blaszlo.hu\/ weboldal (a tov\u00e1bbiakban: Honlap) m\u0171k\u00f6dtet\u00e9se sor\u00e1n a Honlapra l\u00e1togat\u00f3k (a tov\u00e1bbiakban egy\u00fcttesen \u00c9rintett) adatait kezeli. A Szolg\u00e1ltat\u00f3, mint adatkezel\u0151, mag\u00e1ra n\u00e9zve k\u00f6telez\u0151nek ismeri el jelen jogi k\u00f6zlem\u00e9ny tartalm\u00e1t. K\u00f6telezetts\u00e9get v\u00e1llal arra, hogy tev\u00e9kenys\u00e9g\u00e9vel kapcsolatos minden adatkezel\u00e9s megfelel a [&hellip;]<\/p>\n","protected":false},"author":1,"featured_media":0,"parent":0,"menu_order":0,"comment_status":"closed","ping_status":"closed","template":"","meta":{"site-sidebar-layout":"default","site-content-layout":"","ast-site-content-layout":"default","site-content-style":"default","site-sidebar-style":"default","ast-global-header-display":"","ast-banner-title-visibility":"","ast-main-header-display":"","ast-hfb-above-header-display":"","ast-hfb-below-header-display":"","ast-hfb-mobile-header-display":"","site-post-title":"","ast-breadcrumbs-content":"","ast-featured-img":"","footer-sml-layout":"","theme-transparent-header-meta":"","adv-header-id-meta":"","stick-header-meta":"","header-above-stick-meta":"","header-main-stick-meta":"","header-below-stick-meta":"","astra-migrate-meta-layouts":"default","ast-page-background-enabled":"default","ast-page-background-meta":{"desktop":{"background-color":"","background-image":"","background-repeat":"repeat","background-position":"center center","background-size":"auto","background-attachment":"scroll","background-type":"","background-media":"","overlay-type":"","overlay-color":"","overlay-opacity":"","overlay-gradient":""},"tablet":{"background-color":"","background-image":"","background-repeat":"repeat","background-position":"center center","background-size":"auto","background-attachment":"scroll","background-type":"","background-media":"","overlay-type":"","overlay-color":"","overlay-opacity":"","overlay-gradient":""},"mobile":{"background-color":"","background-image":"","background-repeat":"repeat","background-position":"center center","background-size":"auto","background-attachment":"scroll","background-type":"","background-media":"","overlay-type":"","overlay-color":"","overlay-opacity":"","overlay-gradient":""}},"ast-content-background-meta":{"desktop":{"background-color":"var(--ast-global-color-5)","background-image":"","background-repeat":"repeat","background-position":"center center","background-size":"auto","background-attachment":"scroll","background-type":"","background-media":"","overlay-type":"","overlay-color":"","overlay-opacity":"","overlay-gradient":""},"tablet":{"background-color":"var(--ast-global-color-5)","background-image":"","background-repeat":"repeat","background-position":"center center","background-size":"auto","background-attachment":"scroll","background-type":"","background-media":"","overlay-type":"","overlay-color":"","overlay-opacity":"","overlay-gradient":""},"mobile":{"background-color":"var(--ast-global-color-5)","background-image":"","background-repeat":"repeat","background-position":"center center","background-size":"auto","background-attachment":"scroll","background-type":"","background-media":"","overlay-type":"","overlay-color":"","overlay-opacity":"","overlay-gradient":""}},"footnotes":""},"class_list":["post-26","page","type-page","status-publish","hentry"],"yoast_head":"<!-- This site is optimized with the Yoast SEO plugin v25.5 - https:\/\/yoast.com\/wordpress\/plugins\/seo\/ -->\n<title>Adatkezel\u00e9si t\u00e1j\u00e9koztat\u00f3 - Bir\u00f3 L\u00e1szl\u00f3<\/title>\n<meta name=\"robots\" content=\"index, follow, max-snippet:-1, max-image-preview:large, max-video-preview:-1\" \/>\n<link rel=\"canonical\" href=\"https:\/\/blaszlo.hu\/?page_id=26\" \/>\n<meta property=\"og:locale\" content=\"hu_HU\" \/>\n<meta property=\"og:type\" content=\"article\" \/>\n<meta property=\"og:title\" content=\"Adatkezel\u00e9si t\u00e1j\u00e9koztat\u00f3 - Bir\u00f3 L\u00e1szl\u00f3\" \/>\n<meta property=\"og:description\" content=\"1 Az adatkezel\u00e9si t\u00e1j\u00e9koztat\u00f3 c\u00e9lja Perfect Play Kft. (2100 G\u00f6d\u00f6ll\u0151, Domboldal utca 4, a tov\u00e1bbiakban: Szolg\u00e1ltat\u00f3), http:\/\/blaszlo.hu\/ weboldal (a tov\u00e1bbiakban: Honlap) m\u0171k\u00f6dtet\u00e9se sor\u00e1n a Honlapra l\u00e1togat\u00f3k (a tov\u00e1bbiakban egy\u00fcttesen \u00c9rintett) adatait kezeli. A Szolg\u00e1ltat\u00f3, mint adatkezel\u0151, mag\u00e1ra n\u00e9zve k\u00f6telez\u0151nek ismeri el jelen jogi k\u00f6zlem\u00e9ny tartalm\u00e1t. K\u00f6telezetts\u00e9get v\u00e1llal arra, hogy tev\u00e9kenys\u00e9g\u00e9vel kapcsolatos minden adatkezel\u00e9s megfelel a [&hellip;]\" \/>\n<meta property=\"og:url\" content=\"https:\/\/blaszlo.hu\/?page_id=26\" \/>\n<meta property=\"og:site_name\" content=\"Bir\u00f3 L\u00e1szl\u00f3\" \/>\n<meta property=\"article:modified_time\" content=\"2021-07-27T15:21:11+00:00\" \/>\n<meta name=\"twitter:card\" content=\"summary_large_image\" \/>\n<meta name=\"twitter:label1\" content=\"Becs\u00fclt olvas\u00e1si id\u0151\" \/>\n\t<meta name=\"twitter:data1\" content=\"5 perc\" \/>\n<script type=\"application\/ld+json\" class=\"yoast-schema-graph\">{\"@context\":\"https:\/\/schema.org\",\"@graph\":[{\"@type\":\"WebPage\",\"@id\":\"https:\/\/blaszlo.hu\/?page_id=26\",\"url\":\"https:\/\/blaszlo.hu\/?page_id=26\",\"name\":\"Adatkezel\u00e9si t\u00e1j\u00e9koztat\u00f3 - Bir\u00f3 L\u00e1szl\u00f3\",\"isPartOf\":{\"@id\":\"https:\/\/blaszlo.hu\/#website\"},\"datePublished\":\"2018-05-15T13:45:48+00:00\",\"dateModified\":\"2021-07-27T15:21:11+00:00\",\"breadcrumb\":{\"@id\":\"https:\/\/blaszlo.hu\/?page_id=26#breadcrumb\"},\"inLanguage\":\"hu\",\"potentialAction\":[{\"@type\":\"ReadAction\",\"target\":[\"https:\/\/blaszlo.hu\/?page_id=26\"]}]},{\"@type\":\"BreadcrumbList\",\"@id\":\"https:\/\/blaszlo.hu\/?page_id=26#breadcrumb\",\"itemListElement\":[{\"@type\":\"ListItem\",\"position\":1,\"name\":\"Home\",\"item\":\"https:\/\/blaszlo.hu\/\"},{\"@type\":\"ListItem\",\"position\":2,\"name\":\"Adatkezel\u00e9si t\u00e1j\u00e9koztat\u00f3\"}]},{\"@type\":\"WebSite\",\"@id\":\"https:\/\/blaszlo.hu\/#website\",\"url\":\"https:\/\/blaszlo.hu\/\",\"name\":\"Bir\u00f3 L\u00e1szl\u00f3\",\"description\":\"Bir\u00f3 L\u00e1szl\u00f3 weboldala\",\"potentialAction\":[{\"@type\":\"SearchAction\",\"target\":{\"@type\":\"EntryPoint\",\"urlTemplate\":\"https:\/\/blaszlo.hu\/?s={search_term_string}\"},\"query-input\":{\"@type\":\"PropertyValueSpecification\",\"valueRequired\":true,\"valueName\":\"search_term_string\"}}],\"inLanguage\":\"hu\"}]}<\/script>\n<!-- \/ Yoast SEO plugin. -->","yoast_head_json":{"title":"Adatkezel\u00e9si t\u00e1j\u00e9koztat\u00f3 - Bir\u00f3 L\u00e1szl\u00f3","robots":{"index":"index","follow":"follow","max-snippet":"max-snippet:-1","max-image-preview":"max-image-preview:large","max-video-preview":"max-video-preview:-1"},"canonical":"https:\/\/blaszlo.hu\/?page_id=26","og_locale":"hu_HU","og_type":"article","og_title":"Adatkezel\u00e9si t\u00e1j\u00e9koztat\u00f3 - Bir\u00f3 L\u00e1szl\u00f3","og_description":"1 Az adatkezel\u00e9si t\u00e1j\u00e9koztat\u00f3 c\u00e9lja Perfect Play Kft. (2100 G\u00f6d\u00f6ll\u0151, Domboldal utca 4, a tov\u00e1bbiakban: Szolg\u00e1ltat\u00f3), http:\/\/blaszlo.hu\/ weboldal (a tov\u00e1bbiakban: Honlap) m\u0171k\u00f6dtet\u00e9se sor\u00e1n a Honlapra l\u00e1togat\u00f3k (a tov\u00e1bbiakban egy\u00fcttesen \u00c9rintett) adatait kezeli. A Szolg\u00e1ltat\u00f3, mint adatkezel\u0151, mag\u00e1ra n\u00e9zve k\u00f6telez\u0151nek ismeri el jelen jogi k\u00f6zlem\u00e9ny tartalm\u00e1t. K\u00f6telezetts\u00e9get v\u00e1llal arra, hogy tev\u00e9kenys\u00e9g\u00e9vel kapcsolatos minden adatkezel\u00e9s megfelel a [&hellip;]","og_url":"https:\/\/blaszlo.hu\/?page_id=26","og_site_name":"Bir\u00f3 L\u00e1szl\u00f3","article_modified_time":"2021-07-27T15:21:11+00:00","twitter_card":"summary_large_image","twitter_misc":{"Becs\u00fclt olvas\u00e1si id\u0151":"5 perc"},"schema":{"@context":"https:\/\/schema.org","@graph":[{"@type":"WebPage","@id":"https:\/\/blaszlo.hu\/?page_id=26","url":"https:\/\/blaszlo.hu\/?page_id=26","name":"Adatkezel\u00e9si t\u00e1j\u00e9koztat\u00f3 - Bir\u00f3 L\u00e1szl\u00f3","isPartOf":{"@id":"https:\/\/blaszlo.hu\/#website"},"datePublished":"2018-05-15T13:45:48+00:00","dateModified":"2021-07-27T15:21:11+00:00","breadcrumb":{"@id":"https:\/\/blaszlo.hu\/?page_id=26#breadcrumb"},"inLanguage":"hu","potentialAction":[{"@type":"ReadAction","target":["https:\/\/blaszlo.hu\/?page_id=26"]}]},{"@type":"BreadcrumbList","@id":"https:\/\/blaszlo.hu\/?page_id=26#breadcrumb","itemListElement":[{"@type":"ListItem","position":1,"name":"Home","item":"https:\/\/blaszlo.hu\/"},{"@type":"ListItem","position":2,"name":"Adatkezel\u00e9si t\u00e1j\u00e9koztat\u00f3"}]},{"@type":"WebSite","@id":"https:\/\/blaszlo.hu\/#website","url":"https:\/\/blaszlo.hu\/","name":"Bir\u00f3 L\u00e1szl\u00f3","description":"Bir\u00f3 L\u00e1szl\u00f3 weboldala","potentialAction":[{"@type":"SearchAction","target":{"@type":"EntryPoint","urlTemplate":"https:\/\/blaszlo.hu\/?s={search_term_string}"},"query-input":{"@type":"PropertyValueSpecification","valueRequired":true,"valueName":"search_term_string"}}],"inLanguage":"hu"}]}},"_links":{"self":[{"href":"https:\/\/blaszlo.hu\/index.php?rest_route=\/wp\/v2\/pages\/26","targetHints":{"allow":["GET"]}}],"collection":[{"href":"https:\/\/blaszlo.hu\/index.php?rest_route=\/wp\/v2\/pages"}],"about":[{"href":"https:\/\/blaszlo.hu\/index.php?rest_route=\/wp\/v2\/types\/page"}],"author":[{"embeddable":true,"href":"https:\/\/blaszlo.hu\/index.php?rest_route=\/wp\/v2\/users\/1"}],"replies":[{"embeddable":true,"href":"https:\/\/blaszlo.hu\/index.php?rest_route=%2Fwp%2Fv2%2Fcomments&post=26"}],"version-history":[{"count":8,"href":"https:\/\/blaszlo.hu\/index.php?rest_route=\/wp\/v2\/pages\/26\/revisions"}],"predecessor-version":[{"id":101,"href":"https:\/\/blaszlo.hu\/index.php?rest_route=\/wp\/v2\/pages\/26\/revisions\/101"}],"wp:attachment":[{"href":"https:\/\/blaszlo.hu\/index.php?rest_route=%2Fwp%2Fv2%2Fmedia&parent=26"}],"curies":[{"name":"wp","href":"https:\/\/api.w.org\/{rel}","templated":true}]}}